{"id":4054,"date":"2024-12-28T18:36:19","date_gmt":"2024-12-28T17:36:19","guid":{"rendered":"https:\/\/mirap.it\/?post_type=product&#038;p=4054"},"modified":"2024-12-30T13:08:50","modified_gmt":"2024-12-30T12:08:50","slug":"voucher","status":"publish","type":"product","link":"https:\/\/mirap.it\/en\/product\/voucher\/","title":{"rendered":"Voucher"},"content":{"rendered":"<p>Al momento dell&#8217;acquisto il beneficiario potr\u00e0 contattare il nostro ufficio prenotazioni al numero +39 339 863 6164 o l&#8217;indirizzo mail <a href=\"mailto:info@mirap.it\">info@mirap.it<\/a> e finalizzare la prenotazione. Il presente voucher \u00e8 personale e soggetto a disponibilit\u00e0, non \u00e8 prorogabile n\u00e9 rimborsabile. Inoltre, pu\u00f2 essere utilizzato esclusivamente per l\u2019acquisto di pernottamenti presso la struttura e non si applica all\u2019acquisto di servizi extra. Ha validit\u00e0 di 1 anno.<\/p>","protected":false},"excerpt":{"rendered":"<p>Il regalo perfetto per sorprendere chi ami! Con il nostro Voucher, offri libert\u00e0 di scelta e un&#8217;esperienza indimenticabile. Valido per ogni occasione, personalizzabile e facile da utilizzare, \u00e8 il modo migliore per dire &#8216;pensavo a te&#8217; con stile.<\/p>","protected":false},"featured_media":4149,"template":"","meta":{"_uag_custom_page_level_css":"","site-sidebar-layout":"default","site-content-layout":"","ast-site-content-layout":"default","site-content-style":"default","site-sidebar-style":"default","ast-global-header-display":"","ast-banner-title-visibility":"","ast-main-header-display":"","ast-hfb-above-header-display":"","ast-hfb-below-header-display":"","ast-hfb-mobile-header-display":"","site-post-title":"","ast-breadcrumbs-content":"","ast-featured-img":"","footer-sml-layout":"","ast-disable-related-posts":"","theme-transparent-header-meta":"enabled","adv-header-id-meta":"","stick-header-meta":"default","header-above-stick-meta":"","header-main-stick-meta":"","header-below-stick-meta":"","astra-migrate-meta-layouts":"set","ast-page-background-enabled":"default","ast-page-background-meta":{"desktop":{"background-color":"","background-image":"","background-repeat":"repeat","background-position":"center center","background-size":"auto","background-attachment":"scroll","background-type":"","background-media":"","overlay-type":"","overlay-color":"","overlay-opacity":"","overlay-gradient":""},"tablet":{"background-color":"","background-image":"","background-repeat":"repeat","background-position":"center center","background-size":"auto","background-attachment":"scroll","background-type":"","background-media":"","overlay-type":"","overlay-color":"","overlay-opacity":"","overlay-gradient":""},"mobile":{"background-color":"","background-image":"","background-repeat":"repeat","background-position":"center center","background-size":"auto","background-attachment":"scroll","background-type":"","background-media":"","overlay-type":"","overlay-color":"","overlay-opacity":"","overlay-gradient":""}},"ast-content-background-meta":{"desktop":{"background-color":"var(--ast-global-color-5)","background-image":"","background-repeat":"repeat","background-position":"center center","background-size":"auto","background-attachment":"scroll","background-type":"","background-media":"","overlay-type":"","overlay-color":"","overlay-opacity":"","overlay-gradient":""},"tablet":{"background-color":"var(--ast-global-color-5)","background-image":"","background-repeat":"repeat","background-position":"center center","background-size":"auto","background-attachment":"scroll","background-type":"","background-media":"","overlay-type":"","overlay-color":"","overlay-opacity":"","overlay-gradient":""},"mobile":{"background-color":"var(--ast-global-color-5)","background-image":"","background-repeat":"repeat","background-position":"center center","background-size":"auto","background-attachment":"scroll","background-type":"","background-media":"","overlay-type":"","overlay-color":"","overlay-opacity":"","overlay-gradient":""}},"_joinchat":[]},"product_brand":[],"product_cat":[22],"product_tag":[],"class_list":{"0":"post-4054","1":"product","2":"type-product","3":"status-publish","4":"has-post-thumbnail","6":"product_cat-voucher","7":"desktop-align-left","8":"tablet-align-left","9":"mobile-align-left","10":"ast-product-gallery-layout-horizontal-slider","11":"ast-magnify-disabled","12":"ast-product-single-variable","13":"ast-product-tabs-layout-horizontal","15":"first","16":"instock","17":"shipping-taxable","18":"purchasable","19":"product-type-pw-gift-card"},"uagb_featured_image_src":{"full":["https:\/\/mirap.it\/wp-content\/uploads\/2024\/12\/Voucher-Cover-def.jpg",1080,1080,false],"thumbnail":["https:\/\/mirap.it\/wp-content\/uploads\/2024\/12\/Voucher-Cover-def-150x150.jpg",150,150,true],"medium":["https:\/\/mirap.it\/wp-content\/uploads\/2024\/12\/Voucher-Cover-def-300x300.jpg",300,300,true],"medium_large":["https:\/\/mirap.it\/wp-content\/uploads\/2024\/12\/Voucher-Cover-def-768x768.jpg",768,768,true],"large":["https:\/\/mirap.it\/wp-content\/uploads\/2024\/12\/Voucher-Cover-def-1024x1024.jpg",1024,1024,true],"1536x1536":["https:\/\/mirap.it\/wp-content\/uploads\/2024\/12\/Voucher-Cover-def.jpg",1080,1080,false],"2048x2048":["https:\/\/mirap.it\/wp-content\/uploads\/2024\/12\/Voucher-Cover-def.jpg",1080,1080,false],"trp-custom-language-flag":["https:\/\/mirap.it\/wp-content\/uploads\/2024\/12\/Voucher-Cover-def-12x12.jpg",12,12,true],"woocommerce_thumbnail":["https:\/\/mirap.it\/wp-content\/uploads\/2024\/12\/Voucher-Cover-def-300x300.jpg",300,300,true],"woocommerce_single":["https:\/\/mirap.it\/wp-content\/uploads\/2024\/12\/Voucher-Cover-def-600x600.jpg",600,600,true],"woocommerce_gallery_thumbnail":["https:\/\/mirap.it\/wp-content\/uploads\/2024\/12\/Voucher-Cover-def-100x100.jpg",100,100,true]},"uagb_author_info":{"display_name":"admin","author_link":"https:\/\/mirap.it\/en\/author\/"},"uagb_comment_info":0,"uagb_excerpt":"Il regalo perfetto per sorprendere chi ami! Con il nostro Voucher, offri libert\u00e0 di scelta e un'esperienza indimenticabile. Valido per ogni occasione, personalizzabile e facile da utilizzare, \u00e8 il modo migliore per dire 'pensavo a te' con stile.","_links":{"self":[{"href":"https:\/\/mirap.it\/en\/wp-json\/wp\/v2\/product\/4054","targetHints":{"allow":["GET"]}}],"collection":[{"href":"https:\/\/mirap.it\/en\/wp-json\/wp\/v2\/product"}],"about":[{"href":"https:\/\/mirap.it\/en\/wp-json\/wp\/v2\/types\/product"}],"wp:featuredmedia":[{"embeddable":true,"href":"https:\/\/mirap.it\/en\/wp-json\/wp\/v2\/media\/4149"}],"wp:attachment":[{"href":"https:\/\/mirap.it\/en\/wp-json\/wp\/v2\/media?parent=4054"}],"wp:term":[{"taxonomy":"product_brand","embeddable":true,"href":"https:\/\/mirap.it\/en\/wp-json\/wp\/v2\/product_brand?post=4054"},{"taxonomy":"product_cat","embeddable":true,"href":"https:\/\/mirap.it\/en\/wp-json\/wp\/v2\/product_cat?post=4054"},{"taxonomy":"product_tag","embeddable":true,"href":"https:\/\/mirap.it\/en\/wp-json\/wp\/v2\/product_tag?post=4054"}],"curies":[{"name":"wp","href":"https:\/\/api.w.org\/{rel}","templated":true}]}}